{"id":95,"date":"2021-12-14T16:29:45","date_gmt":"2021-12-14T15:29:45","guid":{"rendered":"http:\/\/1minute.info\/?page_id=95"},"modified":"2022-01-13T21:47:25","modified_gmt":"2022-01-13T20:47:25","slug":"ressources","status":"publish","type":"page","link":"https:\/\/1minute.info\/index.php\/ressources\/","title":{"rendered":"Ressources"},"content":{"rendered":"\n<p><strong>Sites divers<\/strong><\/p>\n\n\n\n<p><a href=\"http:\/\/mediarail.be\/ \">http:\/\/mediarail.be\/ <\/a>        Une mine d&rsquo;informations d&rsquo;un sp\u00e9cialiste ferroviaire belge<\/p>\n\n\n\n<p><a href=\"https:\/\/ressources.data.sncf.com\/pages\/accueil\/\">https:\/\/ressources.data.sncf.com\/pages\/accueil\/<\/a>     Le site d&rsquo;Open Data du Groupe SNCF<\/p>\n\n\n\n<p><strong>Rapports<\/strong><\/p>\n\n\n\n<p><a href=\"https:\/\/www.ccomptes.fr\/fr\/publications\/le-reseau-ferroviaire-francais-des-evolutions-significatives-mais-des-choix\">Note de la cour des comptes sur le r\u00e9seau ferroviaire fran\u00e7ais &#8211; novembre 2021<\/a><\/p>\n\n\n\n<p><a href=\"https:\/\/www.ccomptes.fr\/system\/files\/2018-11\/20181204-rapport-SNCF-Reseau.pdf\">Rapport de d\u00e9cembre 2018 de la Cour des comptes<\/a> analysant la situation de SNCF R\u00e9seau<\/p>\n\n\n\n<p><a href=\"http:\/\/018.02.15_Rapport-Avenir-du-transport-ferroviaire\">L&rsquo;avenir du transport ferroviaire &#8211; Jean-Cyril Spinetta &#8211; 2018<\/a><\/p>\n\n\n\n<p><strong>Courte s\u00e9lection d&rsquo;articles scientifiques de r\u00e9f\u00e9rence<\/strong><\/p>\n\n\n\n<p><a href=\"https:\/\/www.sciencedirect.com\/science\/article\/pii\/S2352146521004944\">The Experiences with utilization of BIM in railway infrastructure in Slovak Republic and Czech Republic <\/a>&#8211; July 2021<\/p>\n\n\n\n<p><a href=\"http:\/\/1minute.info\/wp-content\/uploads\/2021\/12\/Tao-et-al.-2019-Digital-Twin-in-Industry-State-of-the-Art-1.pdf\">Digital Twin in Industry &#8211; State of the Art<\/a> &#8211; Tao et al. &#8211; April 2019<\/p>\n\n\n\n<p><strong>Ouvrage int\u00e9ressants \u00e0 consulter<\/strong><\/p>\n\n\n\n<p>Organisation :<\/p>\n\n\n\n<p><a href=\"http:\/\/www.amazon.fr\/Le-management-Voyage-centre-organisations\/dp\/2708130935\/ref=sr_1_1?ie=UTF8&amp;qid=1355491613&amp;sr=8-1\">Le Management \u2013 Voyage au centre des organisations \/ Henri Minzberg \/ Editions d\u2019organisation<\/a><\/p>\n\n\n\n<p>Management op\u00e9rationnel :<\/p>\n\n\n\n<p><a href=\"http:\/\/www.amazon.fr\/Le-But-processus-progr%C3%A8s-permanent\/dp\/2124656317\/ref=sr_1_fkmr0_1?s=books&amp;ie=UTF8&amp;qid=1355491708&amp;sr=1-1-fkmr0\">Le but : un processus de changement permanent \/ Edwynn Goldratt \/ AFNOR<\/a><\/p>\n\n\n\n<p>Communication \/ Marketing :<\/p>\n\n\n\n<p><a href=\"http:\/\/www.amazon.fr\/CROSSING-CHASM-Author-Geoffrey-Aug-01-98\/dp\/B009XQEAHG\/ref=sr_1_1?s=books&amp;ie=UTF8&amp;qid=1355491758&amp;sr=1-1\">Crossing the chasm \/ Geoffrey Moore<\/a><\/p>\n\n\n\n<p><a>Tina Seelig \/ What I wish I knew When I Was 20<\/a><\/p>\n\n\n\n<p>Psychologie :<\/p>\n\n\n\n<p><a href=\"http:\/\/www.amazon.fr\/Trop-intelligent-heureux-Ladulte-surdou%C3%A9\/dp\/2738120873\/ref=sr_1_1?s=books&amp;ie=UTF8&amp;qid=1355491883&amp;sr=1-1\">Trop intelligent pour \u00eatre heureux \u2013 L\u2019adulte surdou\u00e9 \/ Jeanne siaud Facchin<\/a><\/p>\n\n\n\n<p><a href=\"http:\/\/www.amazon.fr\/Psychologie-alchimie-Carl-Gustav-Jung\/dp\/2283020352\/ref=sr_1_1?s=books&amp;ie=UTF8&amp;qid=1355491984&amp;sr=1-1\">Psychologie et alchimie \/ Carl Gustav Jung<\/a><\/p>\n\n\n\n<p><a href=\"http:\/\/www.amazon.fr\/Syst%C3%A9matique-entreprise-3e-Jacques-antoine-Malarewicz\/dp\/2744065145\/ref=sr_1_1?s=books&amp;ie=UTF8&amp;qid=1355492068&amp;sr=1-1\">Syst\u00e9mique et entreprise \/ Jacques-Antoine Malarewicz<\/a><\/p>\n\n\n\n<p><a href=\"http:\/\/www.amazon.fr\/Organisez-id%C3%A9es-avec-Mind-Mapping\/dp\/2100525913\/ref=sr_1_1?s=books&amp;ie=UTF8&amp;qid=1355492238&amp;sr=1-1\">Organiser ses id\u00e9es avec le Mind-Mapping \/ Dunod<\/a><\/p>\n\n\n\n<p>Philosophie :<\/p>\n\n\n\n<p><a href=\"https:\/\/www.amazon.fr\/Introduction-pens%C3%A9e-complexe-Edgar-Morin\/dp\/2020668378\/ref=sr_1_2?ie=UTF8&amp;qid=1474558357&amp;sr=8-2&amp;keywords=introduction+%C3%A0+la+pens%C3%A9e+complexe\">Edgar Morin \/ Introduction \u00e0 la pens\u00e9e complexe<\/a><\/p>\n\n\n\n<p><a href=\"http:\/\/www.amazon.fr\/Nietzsche-Heber-Suffrin\/dp\/2729867430\/ref=sr_1_1?s=books&amp;ie=UTF8&amp;qid=1355492355&amp;sr=1-1\">Nietzsche \/ Pierre H\u00e9ber Suffrin \/ Ellipses<\/a><\/p>\n\n\n\n<p>Open Data : <\/p>\n\n\n\n<p><a href=\"https:\/\/www.statistiques.developpement-durable.gouv.fr\/resultats-detailles-de-lenquete-mobilite-des-personnes-de-2019?rubrique=60&amp;dossier=1345\">Enqu\u00eate 2019 sur la mobilit\u00e9<\/a><\/p>\n","protected":false},"excerpt":{"rendered":"<p>Sites divers http:\/\/mediarail.be\/ Une mine d&rsquo;informations d&rsquo;un sp\u00e9cialiste ferroviaire belge https:\/\/ressources.data.sncf.com\/pages\/accueil\/ Le site d&rsquo;Open Data du Groupe SNCF Rapports Note<\/p>\n","protected":false},"author":1,"featured_media":0,"parent":0,"menu_order":0,"comment_status":"closed","ping_status":"closed","template":"","meta":[],"_links":{"self":[{"href":"https:\/\/1minute.info\/index.php\/wp-json\/wp\/v2\/pages\/95"}],"collection":[{"href":"https:\/\/1minute.info\/index.php\/wp-json\/wp\/v2\/pages"}],"about":[{"href":"https:\/\/1minute.info\/index.php\/wp-json\/wp\/v2\/types\/page"}],"author":[{"embeddable":true,"href":"https:\/\/1minute.info\/index.php\/wp-json\/wp\/v2\/users\/1"}],"replies":[{"embeddable":true,"href":"https:\/\/1minute.info\/index.php\/wp-json\/wp\/v2\/comments?post=95"}],"version-history":[{"count":7,"href":"https:\/\/1minute.info\/index.php\/wp-json\/wp\/v2\/pages\/95\/revisions"}],"predecessor-version":[{"id":170,"href":"https:\/\/1minute.info\/index.php\/wp-json\/wp\/v2\/pages\/95\/revisions\/170"}],"wp:attachment":[{"href":"https:\/\/1minute.info\/index.php\/wp-json\/wp\/v2\/media?parent=95"}],"curies":[{"name":"wp","href":"https:\/\/api.w.org\/{rel}","templated":true}]}}